{"id":9,"date":"2025-03-30T12:33:31","date_gmt":"2025-03-30T16:33:31","guid":{"rendered":"http:\/\/lafrancestrategierh.ca\/wordpress\/?page_id=9"},"modified":"2025-11-09T22:16:36","modified_gmt":"2025-11-10T03:16:36","slug":"home","status":"publish","type":"page","link":"http:\/\/lafrancestrategierh.ca\/lsrh\/","title":{"rendered":"Mission"},"content":{"rendered":"\n<h3 class=\"wp-block-heading\"><strong>Mission<\/strong> :<\/h3>\n\n\n\n<div class=\"wp-block-columns are-vertically-aligned-center is-layout-flex wp-container-core-columns-is-layout-9d6595d7 wp-block-columns-is-layout-flex\">\n<div class=\"wp-block-column is-vertically-aligned-center is-layout-flow wp-block-column-is-layout-flow\">\n<p style=\"text-align:justify\">Chez <strong><em>Lafrance Strat\u00e9gie RH<\/em><\/strong>, la mission est d&#8217;accompagner les organisations et leurs \u00e9quipes dans leur \u00e9volution en offrant des solutions personnalis\u00e9es et innovantes en ressources humaines et en gestion. Nous nous engageons \u00e0 favoriser le d\u00e9veloppement du potentiel humain, \u00e0 cr\u00e9er des environnements de travail collaboratifs et \u00e0 soutenir nos clients dans l\u2019atteinte de leurs objectifs strat\u00e9giques. Gr\u00e2ce \u00e0 notre expertise et notre approche centr\u00e9e sur les besoins uniques de chaque organisation, nous aspirons \u00e0 \u00eatre un partenaire cl\u00e9 dans la r\u00e9ussite et le bien-\u00eatre des individus et des entreprises.<\/p>\n<\/div>\n\n\n\n<div class=\"wp-block-column is-vertically-aligned-center is-layout-flow wp-block-column-is-layout-flow\"><div class=\"wp-block-image\">\n<figure class=\"aligncenter size-full\"><img loading=\"lazy\" decoding=\"async\" width=\"900\" height=\"900\" src=\"http:\/\/lafrancestrategierh.ca\/lsrh\/wp-content\/uploads\/2025\/11\/Portrait2025-D.LEBELPHOTO.png\" alt=\"\" class=\"wp-image-205\" srcset=\"http:\/\/lafrancestrategierh.ca\/lsrh\/wp-content\/uploads\/2025\/11\/Portrait2025-D.LEBELPHOTO.png 900w, http:\/\/lafrancestrategierh.ca\/lsrh\/wp-content\/uploads\/2025\/11\/Portrait2025-D.LEBELPHOTO-300x300.png 300w, http:\/\/lafrancestrategierh.ca\/lsrh\/wp-content\/uploads\/2025\/11\/Portrait2025-D.LEBELPHOTO-150x150.png 150w, http:\/\/lafrancestrategierh.ca\/lsrh\/wp-content\/uploads\/2025\/11\/Portrait2025-D.LEBELPHOTO-768x768.png 768w, http:\/\/lafrancestrategierh.ca\/lsrh\/wp-content\/uploads\/2025\/11\/Portrait2025-D.LEBELPHOTO-100x100.png 100w\" sizes=\"auto, (max-width: 767px) 89vw, (max-width: 1000px) 54vw, (max-width: 1071px) 543px, 580px\" \/><\/figure>\n<\/div><\/div>\n<\/div>\n\n\n\n<h3 class=\"wp-block-heading\"><strong>Les valeurs qui animent Lafrance Strat\u00e9gie RH&nbsp;:&nbsp;<\/strong><\/h3>\n\n\n\n<div style=\"text-align:justify; width:100%; border-width:2px; border-style:solid; border-color:#F5EC3A; padding: 15px;\"><span style=\"color:#199096;\"><strong>Travail d\u2019\u00e9quipe&nbsp;:&nbsp;<\/strong><\/span>repose sur la collaboration, la solidarit\u00e9 et l\u2019effort commun pour l\u2019atteinte d\u2019un objectif partag\u00e9. Nous valorisons la synergie, o\u00f9 la combinaison des talents et efforts de chaque membre produit un r\u00e9sultat sup\u00e9rieur \u00e0 ce qu\u2019une seule personne pourrait accomplir. Nous misons sur des qualit\u00e9s comme la communication, la confiance mutuelle, le respect des comp\u00e9tences et id\u00e9es de chacun et la capacit\u00e9 \u00e0 relever ensemble les d\u00e9fis.<\/div>\n\n\n\n<p><\/p>\n\n\n\n<div style=\"text-align:justify; width:100%; border-width:2px; border-style:solid; border-color:#F5EC3A; padding: 15px;\"><span style=\"color:#199096;\"><strong>Int\u00e9grit\u00e9&nbsp;:&nbsp;<\/strong><\/span>Valeur essentielle qui repose sur l\u2019honn\u00eatet\u00e9, la transparence et la coh\u00e9rence entre les actions, les paroles et les principes. L\u2019int\u00e9grit\u00e9 implique de respecter ses engagements, d\u2019agir avec \u00e9thique et de faire preuve de droiture, m\u00eame devant des situations difficiles.<\/div>\n\n\n\n<p><\/p>\n\n\n\n<div style=\"text-align:justify; width:100%; border-width:2px; border-style:solid; border-color:#F5EC3A; padding: 15px;\"><span style=\"color:#199096;\"><strong>Performance&nbsp;:&nbsp;<\/strong><\/span>Cette valeur est associ\u00e9e \u00e0 l\u2019efficacit\u00e9, l\u2019excellence et la capacit\u00e9 \u00e0 atteindre des objectifs de mani\u00e8re optimale et englobe les notions comme l\u2019engagement, la rigueur, la discipline et l\u2019am\u00e9lioration continue.<\/div>\n\n\n\n<p><\/p>\n\n\n\n<div style=\"text-align:justify; width:100%; border-width:2px; border-style:solid; border-color:#F5EC3A; padding: 15px;\"><span style=\"color:#199096;\"><strong>Humanisme&nbsp;:&nbsp;<\/strong><\/span>Cette valeur fondamentale place l\u2019humain au centre de nos pr\u00e9occupations. Elle met l\u2019accent sur le respect, la dignit\u00e9, la libert\u00e9 ainsi que le d\u00e9veloppement de chaque individu. L\u2019humanisme repr\u00e9sente la croyance en la capacit\u00e9 des humains \u00e0 progresser et encourage l\u2019entraide, la tol\u00e9rance, la bienveillance et l\u2019\u00e9quit\u00e9.<\/div>\n\n\n\n<p><\/p>\n\n\n\n<div style=\"text-align:justify; width:100%; border-width:2px; border-style:solid; border-color:#F5EC3A; padding: 15px;\"><span style=\"color:#199096;\"><strong>Authenticit\u00e9&nbsp;:&nbsp;<\/strong><\/span>Fid\u00e8le \u00e0 ses convictions et \u00e0 son identit\u00e9, Lafrance Strat\u00e9gie RH est align\u00e9e entre ses paroles et ses actions, peu importe le contexte. Sinc\u00e8re dans ses interactions, les relations profondes et authentiques sont favoris\u00e9es puisque cela invite \u00e0 cr\u00e9er une connexion et relation de confiance avec autrui.<\/div>\n\n\n\n<p><\/p>\n","protected":false},"excerpt":{"rendered":"<p>Mission : Chez Lafrance Strat\u00e9gie RH, la mission est d&#8217;accompagner les organisations et leurs \u00e9quipes dans leur \u00e9volution en offrant des solutions personnalis\u00e9es et innovantes en ressources humaines et en gestion. Nous nous engageons \u00e0 favoriser le d\u00e9veloppement du potentiel humain, \u00e0 cr\u00e9er des environnements de travail collaboratifs et \u00e0 soutenir nos clients dans l\u2019atteinte &hellip; <\/p>\n<p class=\"link-more\"><a href=\"http:\/\/lafrancestrategierh.ca\/lsrh\/\" class=\"more-link\">Continue reading<span class=\"screen-reader-text\"> &#8220;Mission&#8221;<\/span><\/a><\/p>\n","protected":false},"author":1,"featured_media":0,"parent":0,"menu_order":0,"comment_status":"closed","ping_status":"closed","template":"","meta":{"footnotes":""},"class_list":["post-9","page","type-page","status-publish","hentry"],"jetpack_sharing_enabled":true,"_links":{"self":[{"href":"http:\/\/lafrancestrategierh.ca\/lsrh\/wp-json\/wp\/v2\/pages\/9","targetHints":{"allow":["GET"]}}],"collection":[{"href":"http:\/\/lafrancestrategierh.ca\/lsrh\/wp-json\/wp\/v2\/pages"}],"about":[{"href":"http:\/\/lafrancestrategierh.ca\/lsrh\/wp-json\/wp\/v2\/types\/page"}],"author":[{"embeddable":true,"href":"http:\/\/lafrancestrategierh.ca\/lsrh\/wp-json\/wp\/v2\/users\/1"}],"replies":[{"embeddable":true,"href":"http:\/\/lafrancestrategierh.ca\/lsrh\/wp-json\/wp\/v2\/comments?post=9"}],"version-history":[{"count":14,"href":"http:\/\/lafrancestrategierh.ca\/lsrh\/wp-json\/wp\/v2\/pages\/9\/revisions"}],"predecessor-version":[{"id":206,"href":"http:\/\/lafrancestrategierh.ca\/lsrh\/wp-json\/wp\/v2\/pages\/9\/revisions\/206"}],"wp:attachment":[{"href":"http:\/\/lafrancestrategierh.ca\/lsrh\/wp-json\/wp\/v2\/media?parent=9"}],"curies":[{"name":"wp","href":"https:\/\/api.w.org\/{rel}","templated":true}]}}